{"id":720,"date":"2024-08-04T16:23:36","date_gmt":"2024-08-04T16:23:36","guid":{"rendered":"https:\/\/www.vertebres.es\/vl\/?page_id=720"},"modified":"2024-08-04T16:23:36","modified_gmt":"2024-08-04T16:23:36","slug":"itc-i-vertebres","status":"publish","type":"page","link":"https:\/\/www.vertebres.es\/vl\/itc-i-vertebres\/","title":{"rendered":"ITC i V\u00e8rtebres"},"content":{"rendered":"\n<p>V\u00e8rtebres dur\u00e0 a terme diverses accions en les instal\u00b7lacions de l&#8217;Institut de Tecnologia Cer\u00e0mica (ITC) de Castell\u00f3. <\/p>\n\n\n\n<p>D&#8217;una banda, es realitzaran tallers preventius i grups de Gimn\u00e0stica Terap\u00e8utica i del S\u00f2l Pelvi\u00e0; d&#8217;altra banda, en el centre de fisioter\u00e0pia V\u00e8rtebres gaudiran de <a href=\"https:\/\/www.vertebres.es\/vl\/tarifas\/\" data-type=\"page\" data-id=\"38\">preus<\/a> molt avantatjosos en les sessions de fisioter\u00e0pia.<\/p>\n\n\n\n<div style=\"height:20px\" aria-hidden=\"true\" class=\"wp-block-spacer\"><\/div>\n\n\n\n<div class=\"wp-block-media-text is-stacked-on-mobile is-vertically-aligned-top\"><figure class=\"wp-block-media-text__media\"><img loading=\"lazy\" decoding=\"async\" width=\"1024\" height=\"595\" src=\"https:\/\/www.vertebres.es\/vl\/wp-content\/uploads\/2024\/06\/ITC-1024x595.jpg\" alt=\"\" class=\"wp-image-695 size-full\" srcset=\"https:\/\/www.vertebres.es\/vl\/wp-content\/uploads\/2024\/06\/ITC-1024x595.jpg 1024w, https:\/\/www.vertebres.es\/vl\/wp-content\/uploads\/2024\/06\/ITC-300x174.jpg 300w, https:\/\/www.vertebres.es\/vl\/wp-content\/uploads\/2024\/06\/ITC-768x446.jpg 768w, https:\/\/www.vertebres.es\/vl\/wp-content\/uploads\/2024\/06\/ITC-1536x893.jpg 1536w, https:\/\/www.vertebres.es\/vl\/wp-content\/uploads\/2024\/06\/ITC-2048x1190.jpg 2048w\" sizes=\"auto, (max-width: 1024px) 100vw, 1024px\" \/><\/figure><div class=\"wp-block-media-text__content\">\n<p>Els tallers que s&#8217;impartiran tindran un marcat objectiu en la cura de la salut postural i de la prevenci\u00f3 de&#8217;aquelles patologies\u00a0musculo-esquel\u00e8tiques\u00a0m\u00e9s comunes en els treballadors\u00a0de l&#8217;ITC.<\/p>\n\n\n\n<p>Es realitzaran tant en la seu de Castell\u00f3 com en la d&#8217;Almassora. <\/p>\n<\/div><\/div>\n\n\n\n<div style=\"height:20px\" aria-hidden=\"true\" class=\"wp-block-spacer\"><\/div>\n\n\n\n<div class=\"wp-block-media-text has-media-on-the-right is-stacked-on-mobile\"><div class=\"wp-block-media-text__content\">\n<p>La Gimn\u00e0stica Terap\u00e8utica consistir\u00e0 en la combinaci\u00f3 de diversos m\u00e8todes com a Pilates,&nbsp;Fitball,&nbsp;Sharman&nbsp;i estiraments (entre altres) depenent dels objectius del participant.<\/p>\n\n\n\n<p>Mentre que la Gimn\u00e0stica del S\u00f2l Pelvi\u00e0 abastar\u00e0&nbsp;tota mena&nbsp;d&#8217;exercicis amb la finalitat de prevenir o tractar les patologies derivades de la regi\u00f3 perineal.<\/p>\n<\/div><figure class=\"wp-block-media-text__media\"><img loading=\"lazy\" decoding=\"async\" width=\"1024\" height=\"768\" src=\"https:\/\/www.vertebres.es\/vl\/wp-content\/uploads\/2024\/06\/1.jpg\" alt=\"\" class=\"wp-image-711 size-full\" srcset=\"https:\/\/www.vertebres.es\/vl\/wp-content\/uploads\/2024\/06\/1.jpg 1024w, https:\/\/www.vertebres.es\/vl\/wp-content\/uploads\/2024\/06\/1-300x225.jpg 300w, https:\/\/www.vertebres.es\/vl\/wp-content\/uploads\/2024\/06\/1-768x576.jpg 768w\" sizes=\"auto, (max-width: 1024px) 100vw, 1024px\" \/><\/figure><\/div>\n\n\n\n<p><\/p>\n","protected":false},"excerpt":{"rendered":"<p>V\u00e8rtebres dur\u00e0 a terme diverses accions en les instal\u00b7lacions de l&#8217;Institut de Tecnologia Cer\u00e0mica (ITC) de Castell\u00f3. D&#8217;una banda, es realitzaran tallers preventius i grups de Gimn\u00e0stica Terap\u00e8utica&#46;&#46;&#46;<\/p>\n","protected":false},"author":1,"featured_media":0,"parent":0,"menu_order":0,"comment_status":"closed","ping_status":"closed","template":"","meta":{"footnotes":""},"class_list":["post-720","page","type-page","status-publish","hentry"],"_links":{"self":[{"href":"https:\/\/www.vertebres.es\/vl\/wp-json\/wp\/v2\/pages\/720","targetHints":{"allow":["GET"]}}],"collection":[{"href":"https:\/\/www.vertebres.es\/vl\/wp-json\/wp\/v2\/pages"}],"about":[{"href":"https:\/\/www.vertebres.es\/vl\/wp-json\/wp\/v2\/types\/page"}],"author":[{"embeddable":true,"href":"https:\/\/www.vertebres.es\/vl\/wp-json\/wp\/v2\/users\/1"}],"replies":[{"embeddable":true,"href":"https:\/\/www.vertebres.es\/vl\/wp-json\/wp\/v2\/comments?post=720"}],"version-history":[{"count":5,"href":"https:\/\/www.vertebres.es\/vl\/wp-json\/wp\/v2\/pages\/720\/revisions"}],"predecessor-version":[{"id":727,"href":"https:\/\/www.vertebres.es\/vl\/wp-json\/wp\/v2\/pages\/720\/revisions\/727"}],"wp:attachment":[{"href":"https:\/\/www.vertebres.es\/vl\/wp-json\/wp\/v2\/media?parent=720"}],"curies":[{"name":"wp","href":"https:\/\/api.w.org\/{rel}","templated":true}]}}