{"id":35,"date":"2022-05-13T06:29:23","date_gmt":"2022-05-13T06:29:23","guid":{"rendered":"https:\/\/www.vertebres.es\/cs\/?page_id=35"},"modified":"2025-04-20T08:07:54","modified_gmt":"2025-04-20T08:07:54","slug":"suelo-pelvico","status":"publish","type":"page","link":"https:\/\/www.vertebres.es\/vl\/suelo-pelvico\/","title":{"rendered":"S\u00f2l P\u00e9lvic"},"content":{"rendered":"\n<p>El s\u00f2l p\u00e8lvic \u00e9s un conjunt de m\u00fasculs i teixits que tanca la cavitat abdominal per la seva banda inferior.<\/p>\n\n\n\n<p>D&#8217;una banda, l&#8217;estructura \u00f2ssia est\u00e0 formada pel sacre, el coxis i els iliacs, units entre si per lligaments molt forts i formant articulacions poc m\u00f2bils, que en moments com l&#8217;embar\u00e0s i el part aconsegueixen la seva m\u00e0xima amplitud de moviment.<\/p>\n\n\n<div class=\"wp-block-image\">\n<figure class=\"aligncenter size-full\"><img loading=\"lazy\" decoding=\"async\" width=\"500\" height=\"500\" src=\"https:\/\/www.vertebres.es\/vl\/wp-content\/uploads\/2025\/04\/Pelvis.png\" alt=\"\" class=\"wp-image-764\" srcset=\"https:\/\/www.vertebres.es\/vl\/wp-content\/uploads\/2025\/04\/Pelvis.png 500w, https:\/\/www.vertebres.es\/vl\/wp-content\/uploads\/2025\/04\/Pelvis-300x300.png 300w, https:\/\/www.vertebres.es\/vl\/wp-content\/uploads\/2025\/04\/Pelvis-150x150.png 150w, https:\/\/www.vertebres.es\/vl\/wp-content\/uploads\/2025\/04\/Pelvis-80x80.png 80w, https:\/\/www.vertebres.es\/vl\/wp-content\/uploads\/2025\/04\/Pelvis-320x320.png 320w\" sizes=\"auto, (max-width: 500px) 100vw, 500px\" \/><figcaption class=\"wp-element-caption\">Taller del S\u00f2l P\u00e9lvic impartit en la Universitat Jaume I<\/figcaption><\/figure>\n<\/div>\n\n\n<p>D&#8217;altra banda, l&#8217;estructura tova, coneguda com a s\u00f2l p\u00e8lvic, \u00e9s l&#8217;encarregada de mantenir el recte, la bufeta i l&#8217;\u00fater en la seva posici\u00f3. Aquesta musculatura aquesta innervada pel nervi pudendo.(1),(2)<\/p>\n\n\n\n<p>S\u00f3n moltes les patologies que poden afectar a aquesta \u00e0rea i es poden classificar amb tren eixos urol\u00f2gic, que engloba a les patologies tant d&#8217;incontin\u00e8ncia com de retenci\u00f3 d&#8217;orina; l&#8217;eix ginecol\u00f2gic, on inclour\u00edem els problemes d&#8217;est\u00e0tica p\u00e8lvica com els prolapse, els problemes sexuals aix\u00ed com la preparaci\u00f3 f\u00edsica al part i la recuperaci\u00f3 postpart; i per va ultimar l&#8217;eix coloproptol\u00f2gic, on inclour\u00edem les incontin\u00e8ncies fecals i el restrenyiment.<\/p>\n\n\n\n<figure class=\"wp-block-image size-full\"><img loading=\"lazy\" decoding=\"async\" width=\"640\" height=\"480\" src=\"https:\/\/www.vertebres.es\/vl\/wp-content\/uploads\/2025\/04\/IMG_3178.jpg\" alt=\"\" class=\"wp-image-756\" srcset=\"https:\/\/www.vertebres.es\/vl\/wp-content\/uploads\/2025\/04\/IMG_3178.jpg 640w, https:\/\/www.vertebres.es\/vl\/wp-content\/uploads\/2025\/04\/IMG_3178-300x225.jpg 300w\" sizes=\"auto, (max-width: 640px) 100vw, 640px\" \/><figcaption class=\"wp-element-caption\">Taller sobre les disfuncions del S\u00f2l P\u00e9lvic impartida en la seu de l&#8217;Institut Tecnol\u00f2gic de la Cer\u00e0mica<\/figcaption><\/figure>\n\n\n\n<p>La poblaci\u00f3 que m\u00e9s risc t\u00e9 s\u00f3n les dones tant despr\u00e9s de donar a llum com en altres moments de la vida com la menopausa. Per\u00f2 les afeccions no solament les sofreixen les dones, els homes despr\u00e9s de les prostactectomies, tamb\u00e9 poden presentar disfuncions.<\/p>\n\n\n\n<p>Els objectius de la fisioter\u00e0pia s\u00f3n:<\/p>\n\n\n\n<p>&#8211; Assegurar la contin\u00e8ncia urin\u00e0ria, aix\u00ed com una freq\u00fc\u00e8ncia miccional correcta.<\/p>\n\n\n\n<p>&#8211; Equilibrar l&#8217;est\u00e0tica p\u00e8lvica, per evitar sensacions de trobar-se pesada i evitar prolapses.<\/p>\n\n\n\n<p>&#8211; Treballar per una sexualitat no dolorosa i satisfact\u00f2ria.<\/p>\n\n\n\n<p>&#8211; En obstetr\u00edcia, tant preparar el cos per a les diferents adaptacions durant la gestaci\u00f3 i el moment del part, com per a la recuperaci\u00f3 postpart, incloent la diastasi abdominal.<\/p>\n\n\n\n<p>&#8211; Tenir una correcta mec\u00e0nica d&#8217;evacuaci\u00f3, evitant fuites i restrenyiment.<\/p>\n\n\n\n<p>(1)&nbsp;<a href=\"http:\/\/onlinelibrary.wiley.com\/doi\/10.1111\/j.1471-0528.2000.tb10407.x\/abstract;jsessionid=A666183100332CF0FFB9318A09975F76.f03t04\">Siv Morkve, 2000<\/a><\/p>\n\n\n\n<p>(2)&nbsp;<a href=\"http:\/\/m.casadellibro.com\/libro-rehabilitacion-del-suelo-pelvico-femenino\/9788498354645\/2218252\">Ramirez I., 2013<\/a><\/p>\n","protected":false},"excerpt":{"rendered":"<p>El s\u00f2l p\u00e8lvic \u00e9s un conjunt de m\u00fasculs i teixits que tanca la cavitat abdominal per la seva banda inferior. D&#8217;una banda, l&#8217;estructura \u00f2ssia est\u00e0 formada pel sacre,&#46;&#46;&#46;<\/p>\n","protected":false},"author":2,"featured_media":0,"parent":0,"menu_order":0,"comment_status":"closed","ping_status":"closed","template":"","meta":{"footnotes":""},"class_list":["post-35","page","type-page","status-publish","hentry"],"_links":{"self":[{"href":"https:\/\/www.vertebres.es\/vl\/wp-json\/wp\/v2\/pages\/35","targetHints":{"allow":["GET"]}}],"collection":[{"href":"https:\/\/www.vertebres.es\/vl\/wp-json\/wp\/v2\/pages"}],"about":[{"href":"https:\/\/www.vertebres.es\/vl\/wp-json\/wp\/v2\/types\/page"}],"author":[{"embeddable":true,"href":"https:\/\/www.vertebres.es\/vl\/wp-json\/wp\/v2\/users\/2"}],"replies":[{"embeddable":true,"href":"https:\/\/www.vertebres.es\/vl\/wp-json\/wp\/v2\/comments?post=35"}],"version-history":[{"count":4,"href":"https:\/\/www.vertebres.es\/vl\/wp-json\/wp\/v2\/pages\/35\/revisions"}],"predecessor-version":[{"id":766,"href":"https:\/\/www.vertebres.es\/vl\/wp-json\/wp\/v2\/pages\/35\/revisions\/766"}],"wp:attachment":[{"href":"https:\/\/www.vertebres.es\/vl\/wp-json\/wp\/v2\/media?parent=35"}],"curies":[{"name":"wp","href":"https:\/\/api.w.org\/{rel}","templated":true}]}}