{"id":613,"date":"2024-06-20T08:19:46","date_gmt":"2024-06-20T08:19:46","guid":{"rendered":"https:\/\/www.vertebres.es\/cs\/?page_id=613"},"modified":"2024-06-20T08:29:15","modified_gmt":"2024-06-20T08:29:15","slug":"politica-de-privacidad","status":"publish","type":"page","link":"https:\/\/www.vertebres.es\/cs\/politica-de-privacidad\/","title":{"rendered":"Pol\u00edtica de privacidad"},"content":{"rendered":"\n<p>Este sitio web no recoge datos de car\u00e1cter personal de las personas usuarias sin su conocimiento, ni se ceden a terceros.<\/p>\n\n\n\n<p>V\u00e8rtebres no utiliza cookies para recoger informaci\u00f3n de los usuarios, s\u00f3lo se utilizan aquellas cookies que tengan una finalidad t\u00e9cnica.<\/p>\n\n\n\n<p>Informar que en algunas p\u00e1ginas puede haber enlaces a sitios web de terceros, cuyas pol\u00edticas de privacidad son ajenas a V\u00e8rtebres. Al acceder a tales sitios web usted puede decidir si acepta sus pol\u00edticas de privacidad y de cookies. Con car\u00e1cter general, si navega por internet usted puede aceptar o rechazar las cookies de terceros desde las opciones de configuraci\u00f3n de su navegador.<\/p>\n\n\n\n<h3 class=\"wp-block-heading\"><strong>Responsable del tratamiento<\/strong><\/h3>\n\n\n\n<p>Los datos de car\u00e1cter personal que se pudieran recabar directamente de la persona interesada por medio del formulario que se encuentra alojado para solicitar informaci\u00f3n o pedir cita previa ser\u00e1n tratados de forma confidencial y quedar\u00e1n incorporados a la correspondiente actividad de tratamiento titularidad de V\u00e8rtebres.<\/p>\n\n\n\n<h3 class=\"wp-block-heading\"><strong>Finalidad<\/strong><\/h3>\n\n\n\n<p>La finalidad del tratamiento de los datos que pueda proporcionar el usuario es \u00fanicamente para la gesti\u00f3n de la informaci\u00f3n que se solicita procediendo a su tratamiento dependiendo del servicio solicitado.<\/p>\n\n\n\n<h3 class=\"wp-block-heading\"><strong>Conservaci\u00f3n de datos<\/strong><\/h3>\n\n\n\n<p>Los datos personales proporcionados se conservar\u00e1n durante el tiempo necesario para cumplir con la finalidad para la que se recaban y para determinar las posibles responsabilidades que se pudieran derivar de la finalidad, adem\u00e1s de los per\u00edodos establecidos en la normativa de archivos y documentaci\u00f3n.<\/p>\n\n\n\n<h3 class=\"wp-block-heading\"><strong>Comunicaci\u00f3n de datos<\/strong><\/h3>\n\n\n\n<p>Con car\u00e1cter general no se comunicar\u00e1n los datos personales a terceros, salvo obligaci\u00f3n legal, entre las que pueden estar las comunicaciones al Defensor del Pueblo, Jueces y Tribunales, personas interesadas en los procedimientos relacionados con la reclamaciones presentadas.<\/p>\n\n\n\n<h3 class=\"wp-block-heading\"><strong>Derechos de las personas interesadas<\/strong><\/h3>\n\n\n\n<p>Para solicitar el acceso, la rectificaci\u00f3n, supresi\u00f3n o limitaci\u00f3n del tratamiento de los datos personales o a oponerse al tratamiento, en el caso de se den los requisitos establecidos en el Reglamento General de Protecci\u00f3n de Datos, as\u00ed como en la Ley Org\u00e1nica 3\/2018, de 5 de diciembre, de Protecci\u00f3n de Datos Personal y garant\u00eda de los derechos digitales, puede dirigir un escrito al responsable del tratamiento dirigi\u00e9ndose a V\u00e8rtebres a trav\u00e9s del correo fisioterapiavertebres@gmail.com<\/p>\n","protected":false},"excerpt":{"rendered":"<p>Este sitio web no recoge datos de car\u00e1cter personal de las personas usuarias sin su conocimiento, ni se ceden a terceros. V\u00e8rtebres no utiliza cookies para recoger informaci\u00f3n&#46;&#46;&#46;<\/p>\n","protected":false},"author":1,"featured_media":0,"parent":0,"menu_order":0,"comment_status":"closed","ping_status":"closed","template":"","meta":{"footnotes":""},"class_list":["post-613","page","type-page","status-publish","hentry"],"_links":{"self":[{"href":"https:\/\/www.vertebres.es\/cs\/wp-json\/wp\/v2\/pages\/613","targetHints":{"allow":["GET"]}}],"collection":[{"href":"https:\/\/www.vertebres.es\/cs\/wp-json\/wp\/v2\/pages"}],"about":[{"href":"https:\/\/www.vertebres.es\/cs\/wp-json\/wp\/v2\/types\/page"}],"author":[{"embeddable":true,"href":"https:\/\/www.vertebres.es\/cs\/wp-json\/wp\/v2\/users\/1"}],"replies":[{"embeddable":true,"href":"https:\/\/www.vertebres.es\/cs\/wp-json\/wp\/v2\/comments?post=613"}],"version-history":[{"count":2,"href":"https:\/\/www.vertebres.es\/cs\/wp-json\/wp\/v2\/pages\/613\/revisions"}],"predecessor-version":[{"id":616,"href":"https:\/\/www.vertebres.es\/cs\/wp-json\/wp\/v2\/pages\/613\/revisions\/616"}],"wp:attachment":[{"href":"https:\/\/www.vertebres.es\/cs\/wp-json\/wp\/v2\/media?parent=613"}],"curies":[{"name":"wp","href":"https:\/\/api.w.org\/{rel}","templated":true}]}}