{"id":610,"date":"2024-06-18T09:38:46","date_gmt":"2024-06-18T09:38:46","guid":{"rendered":"https:\/\/www.vertebres.es\/cs\/?page_id=610"},"modified":"2024-06-20T08:20:32","modified_gmt":"2024-06-20T08:20:32","slug":"politica-de-cookies","status":"publish","type":"page","link":"https:\/\/www.vertebres.es\/cs\/politica-de-cookies\/","title":{"rendered":"Pol\u00edtica de cookies"},"content":{"rendered":"\n<p>V\u00e8rtebres no utiliza cookies para recoger informaci\u00f3n de los usuarios. \u00danicamente se utilizan cookies propias y de terceros con finalidad t\u00e9cnica para permitir navegaci\u00f3n a trav\u00e9s del sitio web y la utilizaci\u00f3n de las diferentes opciones y servicios que en ella existen.<\/p>\n\n\n\n<p>El portal del que es titular V\u00e8rtebres contiene enlaces a sitios web de terceros, cuyas pol\u00edticas de privacidad son ajenas a la de V\u00e8rtebres. Al acceder a tales sitios web usted puede decidir si acepta sus pol\u00edticas de privacidad y de cookies. Con car\u00e1cter general, si navega por internet usted puede aceptar o rechazar las cookies de terceros desde las opciones de configuraci\u00f3n de su navegador.<\/p>\n","protected":false},"excerpt":{"rendered":"<p>V\u00e8rtebres no utiliza cookies para recoger informaci\u00f3n de los usuarios. \u00danicamente se utilizan cookies propias y de terceros con finalidad t\u00e9cnica para permitir navegaci\u00f3n a trav\u00e9s del sitio&#46;&#46;&#46;<\/p>\n","protected":false},"author":1,"featured_media":0,"parent":0,"menu_order":0,"comment_status":"closed","ping_status":"closed","template":"","meta":{"footnotes":""},"class_list":["post-610","page","type-page","status-publish","hentry"],"_links":{"self":[{"href":"https:\/\/www.vertebres.es\/cs\/wp-json\/wp\/v2\/pages\/610","targetHints":{"allow":["GET"]}}],"collection":[{"href":"https:\/\/www.vertebres.es\/cs\/wp-json\/wp\/v2\/pages"}],"about":[{"href":"https:\/\/www.vertebres.es\/cs\/wp-json\/wp\/v2\/types\/page"}],"author":[{"embeddable":true,"href":"https:\/\/www.vertebres.es\/cs\/wp-json\/wp\/v2\/users\/1"}],"replies":[{"embeddable":true,"href":"https:\/\/www.vertebres.es\/cs\/wp-json\/wp\/v2\/comments?post=610"}],"version-history":[{"count":2,"href":"https:\/\/www.vertebres.es\/cs\/wp-json\/wp\/v2\/pages\/610\/revisions"}],"predecessor-version":[{"id":615,"href":"https:\/\/www.vertebres.es\/cs\/wp-json\/wp\/v2\/pages\/610\/revisions\/615"}],"wp:attachment":[{"href":"https:\/\/www.vertebres.es\/cs\/wp-json\/wp\/v2\/media?parent=610"}],"curies":[{"name":"wp","href":"https:\/\/api.w.org\/{rel}","templated":true}]}}