{"id":435,"date":"2022-05-15T06:12:41","date_gmt":"2022-05-15T06:12:41","guid":{"rendered":"https:\/\/www.vertebres.es\/cs\/?page_id=435"},"modified":"2022-05-15T06:12:41","modified_gmt":"2022-05-15T06:12:41","slug":"articulacion-temporo-mandibular","status":"publish","type":"page","link":"https:\/\/www.vertebres.es\/cs\/articulacion-temporo-mandibular\/","title":{"rendered":"Articulaci\u00f3n Temporo-mandibular"},"content":{"rendered":"\n<div class=\"wp-block-columns is-layout-flex wp-container-core-columns-is-layout-9d6595d7 wp-block-columns-is-layout-flex\">\n<div class=\"wp-block-column is-layout-flow wp-block-column-is-layout-flow\">\n<iframe loading=\"lazy\" width=\"100%\" height=\"315\" src=\"https:\/\/www.youtube.com\/embed\/EwCMaLyZPsE\" title=\"YouTube video player\" frameborder=\"0\" allow=\"accelerometer; autoplay; clipboard-write; encrypted-media; gyroscope; picture-in-picture\" allowfullscreen><\/iframe>\n<\/div>\n\n\n\n<div class=\"wp-block-column is-layout-flow wp-block-column-is-layout-flow\">\n<p>La&nbsp;<strong>articulaci\u00f3n temporo-mandibular<\/strong>&nbsp;est\u00e1 formada por los huesos temporal del cr\u00e1neo y el maxilar inferior o mand\u00edbula. Es la responsable de hacer posible abrir y cerrar la boca.<\/p>\n\n\n\n<p>Situada delante del o\u00eddo y a ambos lados de la cabeza, se utiliza para masticar, hablar, tragar, bostezar, etc.<\/p>\n\n\n\n<p>Aproximadamente el 50% de la poblaci\u00f3n sufre una disfunci\u00f3n temporo-mandibular.<\/p>\n<\/div>\n<\/div>\n\n\n\n<p>Las consecuencias de este trastorno consisten:<\/p>\n\n\n\n<div class=\"wp-block-columns is-layout-flex wp-container-core-columns-is-layout-9d6595d7 wp-block-columns-is-layout-flex\">\n<div class=\"wp-block-column is-layout-flow wp-block-column-is-layout-flow\">\n<ul class=\"wp-block-list\"><li>Cefaleas (dolor de cabeza o en la cara).<\/li><li>Sensibilidad y dolor a la presi\u00f3n de la musculatura masticatoria y articulaci\u00f3n temporo-mandibular.<\/li><li>Dificultad o dolor al masticar.<\/li><li>Ruidos, chasquidos o bloqueo de la articulaci\u00f3n.<a href=\"http:\/\/vertebres.es\/paginas\/images\/ATM.jpg\"><\/a>La terapia manual ayuda a recuperar la movilidad articular.<\/li><li>Dolor intenso dentro o alrededor del o\u00eddo.<\/li><li>Dificultad o dolor al masticar.<\/li><li>Bloqueo de la articulaci\u00f3n, lo que dificulta abrir o cerrar la boca.<\/li><\/ul>\n<\/div>\n\n\n\n<div class=\"wp-block-column is-layout-flow wp-block-column-is-layout-flow\">\n<figure class=\"wp-block-image size-large\"><img loading=\"lazy\" decoding=\"async\" width=\"1024\" height=\"798\" src=\"https:\/\/www.vertebres.es\/cs\/wp-content\/uploads\/2021\/04\/ATM-scaled-e1652448957222-1024x798.jpg\" alt=\"\" class=\"wp-image-249\" srcset=\"https:\/\/www.vertebres.es\/cs\/wp-content\/uploads\/2021\/04\/ATM-scaled-e1652448957222-1024x798.jpg 1024w, https:\/\/www.vertebres.es\/cs\/wp-content\/uploads\/2021\/04\/ATM-scaled-e1652448957222-300x234.jpg 300w, https:\/\/www.vertebres.es\/cs\/wp-content\/uploads\/2021\/04\/ATM-scaled-e1652448957222-768x598.jpg 768w, https:\/\/www.vertebres.es\/cs\/wp-content\/uploads\/2021\/04\/ATM-scaled-e1652448957222-1536x1197.jpg 1536w, https:\/\/www.vertebres.es\/cs\/wp-content\/uploads\/2021\/04\/ATM-scaled-e1652448957222.jpg 1848w\" sizes=\"auto, (max-width: 1024px) 100vw, 1024px\" \/><\/figure>\n<\/div>\n<\/div>\n\n\n\n<p>La fisioterapia por medio de la terapia manual junto con ejercicios mandibulares y\/o posturales, ayudan paliando el dolor ocasionado por la musculatura afecta y a mejorar o recuperar completamente la movilidad limitada.<\/p>\n\n\n\n<p>Es muy importante una buena anamnesis y examen f\u00edsico para conocer el correcto abordaje fisioterap\u00e9utico. (<a href=\"http:\/\/scielo.isciii.es\/scielo.php?script=sci_arttext&amp;pid=S1134-80462005000700006\">1)(<\/a><a href=\"https:\/\/www.mayoclinic.org\/es-es\/diseases-conditions\/tmj\/symptoms-causes\/syc-20350941\">2)<\/a><\/p>\n","protected":false},"excerpt":{"rendered":"<p>La&nbsp;articulaci\u00f3n temporo-mandibular&nbsp;est\u00e1 formada por los huesos temporal del cr\u00e1neo y el maxilar inferior o mand\u00edbula. Es la responsable de hacer posible abrir y cerrar la boca. Situada delante&#46;&#46;&#46;<\/p>\n","protected":false},"author":1,"featured_media":0,"parent":0,"menu_order":0,"comment_status":"closed","ping_status":"closed","template":"","meta":{"footnotes":""},"class_list":["post-435","page","type-page","status-publish","hentry"],"_links":{"self":[{"href":"https:\/\/www.vertebres.es\/cs\/wp-json\/wp\/v2\/pages\/435","targetHints":{"allow":["GET"]}}],"collection":[{"href":"https:\/\/www.vertebres.es\/cs\/wp-json\/wp\/v2\/pages"}],"about":[{"href":"https:\/\/www.vertebres.es\/cs\/wp-json\/wp\/v2\/types\/page"}],"author":[{"embeddable":true,"href":"https:\/\/www.vertebres.es\/cs\/wp-json\/wp\/v2\/users\/1"}],"replies":[{"embeddable":true,"href":"https:\/\/www.vertebres.es\/cs\/wp-json\/wp\/v2\/comments?post=435"}],"version-history":[{"count":2,"href":"https:\/\/www.vertebres.es\/cs\/wp-json\/wp\/v2\/pages\/435\/revisions"}],"predecessor-version":[{"id":437,"href":"https:\/\/www.vertebres.es\/cs\/wp-json\/wp\/v2\/pages\/435\/revisions\/437"}],"wp:attachment":[{"href":"https:\/\/www.vertebres.es\/cs\/wp-json\/wp\/v2\/media?parent=435"}],"curies":[{"name":"wp","href":"https:\/\/api.w.org\/{rel}","templated":true}]}}