{"id":418,"date":"2022-05-15T06:01:10","date_gmt":"2022-05-15T06:01:10","guid":{"rendered":"https:\/\/www.vertebres.es\/cs\/?page_id=418"},"modified":"2022-05-15T06:01:11","modified_gmt":"2022-05-15T06:01:11","slug":"suelo-pelvico-2","status":"publish","type":"page","link":"https:\/\/www.vertebres.es\/cs\/suelo-pelvico-2\/","title":{"rendered":"Suelo P\u00e9lvico"},"content":{"rendered":"\n<div class=\"wp-block-columns is-layout-flex wp-container-core-columns-is-layout-9d6595d7 wp-block-columns-is-layout-flex\">\n<div class=\"wp-block-column is-layout-flow wp-block-column-is-layout-flow\">\n<p>El suelo p\u00e9lvico es un conjunto de m\u00fasculos y tejidos que cierra la cavidad abdominal por su parte inferior<a href=\"http:\/\/onlinelibrary.wiley.com\/doi\/10.1111\/j.1471-0528.2000.tb10407.x\/abstract;jsessionid=A666183100332CF0FFB9318A09975F76.f03t04\" target=\"_blank\" rel=\"noreferrer noopener\">(1)<\/a>,<a href=\"http:\/\/m.casadellibro.com\/libro-rehabilitacion-del-suelo-pelvico-femenino\/9788498354645\/2218252\" target=\"_blank\" rel=\"noreferrer noopener\">(2)<\/a>.<\/p>\n\n\n\n<p>Por un lado, la estructura \u00f3sea est\u00e1 formada por el sacro, el coxis y los iliacos, unidos entre s\u00ed por ligamentos muy fuertes y formando articulaciones poco m\u00f3viles, que en momentos como el embarazo y el parto alcanzan su m\u00e1xima amplitud de movimiento.<\/p>\n\n\n\n<p>Por otro lado, la estructura blanda, conocida como suelo p\u00e9lvico, es la encargada de mantener el recto, la vejiga y el \u00fatero en su posici\u00f3n.<\/p>\n<\/div>\n\n\n\n<div class=\"wp-block-column is-layout-flow wp-block-column-is-layout-flow\">\n<figure class=\"wp-block-image size-full\"><img loading=\"lazy\" decoding=\"async\" width=\"602\" height=\"558\" src=\"https:\/\/www.vertebres.es\/cs\/wp-content\/uploads\/2022\/05\/pelvis.jpg\" alt=\"\" class=\"wp-image-177\" srcset=\"https:\/\/www.vertebres.es\/cs\/wp-content\/uploads\/2022\/05\/pelvis.jpg 602w, https:\/\/www.vertebres.es\/cs\/wp-content\/uploads\/2022\/05\/pelvis-300x278.jpg 300w\" sizes=\"auto, (max-width: 602px) 100vw, 602px\" \/><\/figure>\n<\/div>\n<\/div>\n\n\n\n<p>Esta musculatura esta inervada por el nervio pudendo. <\/p>\n\n\n\n<p>Son muchas las funciones que realiza<a rel=\"noreferrer noopener\" href=\"http:\/\/onlinelibrary.wiley.com\/doi\/10.1111\/j.1471-0528.2000.tb10407.x\/abstract;jsessionid=A666183100332CF0FFB9318A09975F76.f03t04\" target=\"_blank\">(1)<\/a>,<a rel=\"noreferrer noopener\" href=\"http:\/\/m.casadellibro.com\/libro-rehabilitacion-del-suelo-pelvico-femenino\/9788498354645\/2218252\" target=\"_blank\">(2)<\/a>. Como esf\u00ednter: a pesar de que tanto la uretra como el recto tienen esf\u00ednteres propios, la musculatura ayuda para aumentar la fuerza de cierre.<\/p>\n\n\n\n<div class=\"wp-block-columns is-layout-flex wp-container-core-columns-is-layout-9d6595d7 wp-block-columns-is-layout-flex\">\n<div class=\"wp-block-column is-layout-flow wp-block-column-is-layout-flow\">\n<figure class=\"wp-block-image size-full\"><img loading=\"lazy\" decoding=\"async\" width=\"635\" height=\"475\" src=\"https:\/\/www.vertebres.es\/cs\/wp-content\/uploads\/2022\/05\/pelvisligant.png\" alt=\"\" class=\"wp-image-178\" srcset=\"https:\/\/www.vertebres.es\/cs\/wp-content\/uploads\/2022\/05\/pelvisligant.png 635w, https:\/\/www.vertebres.es\/cs\/wp-content\/uploads\/2022\/05\/pelvisligant-300x224.png 300w\" sizes=\"auto, (max-width: 635px) 100vw, 635px\" \/><\/figure>\n<\/div>\n\n\n\n<div class=\"wp-block-column is-layout-flow wp-block-column-is-layout-flow\">\n<ul class=\"wp-block-list\"><li>En el mantenimiento de la est\u00e1tica p\u00e9lvica: as\u00ed como amortiguar y transmitir las presiones provenientes de la zona abdominal, como la tos o la risa.<\/li><\/ul>\n\n\n\n<ul class=\"wp-block-list\"><li>La inhibici\u00f3n nerviosa del detrusor: ya que la contracci\u00f3n de la musculatura del suelo p\u00e9lvico provoca la inhibici\u00f3n del detrusor, m\u00fasculo de la vejiga que se contrae para miccionar.<\/li><li>Durante el parto: ya que gu\u00eda la rotaci\u00f3n y presentaci\u00f3n de la cabeza fetal.<\/li><li>Durante las relaciones sexuales: por ejemplo produci\u00e9ndose durante el orgasmo la&nbsp;<a rel=\"noreferrer noopener\" href=\"http:\/\/www.wikilengua.org\/index.php\/Terminesp:tetanizaci%C3%B3n_(el%C3%A9ctrica)_(2)\" target=\"_blank\">tetanizaci\u00f3n<\/a>&nbsp;de la musculatura<\/li><\/ul>\n<\/div>\n<\/div>\n\n\n\n<p>El correcto funcionamiento de esta estructura, depende tambi\u00e9n de otras unidades anat\u00f3micas, la m\u00e1s influyente son los abdominales, siendo el abdominal transverso el que tiene un papel m\u00e1s importante.<\/p>\n\n\n\n<p>Hasta el punto que una disfunci\u00f3n del suelo p\u00e9lvico va acompa\u00f1ada de una hipoton\u00eda abdominal normalmente<a href=\"http:\/\/www.ncbi.nlm.nih.gov\/pubmed\/12054180\" target=\"_blank\" rel=\"noreferrer noopener\">(3)<\/a>.<\/p>\n\n\n\n<p>Son muchas las patolog\u00edas que pueden afectar a esta \u00e1rea y se pueden clasificar en tres ejes: el eje urol\u00f3gico, que engloba a las patolog\u00edas tanto de incontinencia como de retenci\u00f3n de orina; el eje ginecol\u00f3gico, donde incluir\u00edamos los problemas de est\u00e1tica p\u00e9lvica como los prolapso, los problemas sexuales as\u00ed como la preparaci\u00f3n f\u00edsica al parto y la recuperaci\u00f3n postparto; y por ultimo el eje coloproptol\u00f3gico, donde incluir\u00edamos las incontinencias fecales y el estre\u00f1imiento.<\/p>\n\n\n\n<p>La poblaci\u00f3n que m\u00e1s riesgo tiene son las mujeres tanto despu\u00e9s de dar a luz como en otros momentos de la vida como la menopausia. Pero las afecciones no solo las sufren las mujeres, los hombres despu\u00e9s de las prostactectom\u00edas, tambi\u00e9n pueden presentar disfunciones.<\/p>\n\n\n\n<div class=\"wp-block-columns is-layout-flex wp-container-core-columns-is-layout-9d6595d7 wp-block-columns-is-layout-flex\">\n<div class=\"wp-block-column is-layout-flow wp-block-column-is-layout-flow\" style=\"flex-basis:66.66%\">\n<p>Los objetivos de la fisioterapia se basar\u00e1n en<a href=\"http:\/\/m.casadellibro.com\/libro-rehabilitacion-del-suelo-pelvico-femenino\/9788498354645\/2218252\" target=\"_blank\" rel=\"noreferrer noopener\">(2)<\/a>:<\/p>\n\n\n\n<ul class=\"wp-block-list\"><li>Asegurar la continencia urinaria, as\u00ed como una frecuencia miccional correcta.<\/li><li>Equilibrar la est\u00e1tica p\u00e9lvica, para evitar sensaciones de pesadez y evitar prolapsos.<\/li><li>Trabajar por una sexualidad no dolorosa y satisfactoria.<\/li><\/ul>\n\n\n\n<p>En obstetricia, tanto preparar el cuerpo para las diferentes adaptaciones durante la gestaci\u00f3n y el momento del parto, como para la recuperaci\u00f3n postparto, incluyendo&nbsp;<a href=\"http:\/\/www.nlm.nih.gov\/medlineplus\/spanish\/ency\/article\/001602.htm\" target=\"_blank\" rel=\"noreferrer noopener\">la di\u00e1stasis abdominal.<\/a><\/p>\n\n\n\n<p>Tener una correcta mec\u00e1nica evacuatoria, evitando escapes y estre\u00f1imiento.<\/p>\n<\/div>\n\n\n\n<div class=\"wp-block-column is-layout-flow wp-block-column-is-layout-flow\" style=\"flex-basis:33.33%\">\n<figure class=\"wp-block-image size-large\"><img loading=\"lazy\" decoding=\"async\" width=\"768\" height=\"1024\" src=\"https:\/\/www.vertebres.es\/cs\/wp-content\/uploads\/2022\/05\/AT-768x1024.jpg\" alt=\"\" class=\"wp-image-159\" srcset=\"https:\/\/www.vertebres.es\/cs\/wp-content\/uploads\/2022\/05\/AT-768x1024.jpg 768w, https:\/\/www.vertebres.es\/cs\/wp-content\/uploads\/2022\/05\/AT-225x300.jpg 225w, https:\/\/www.vertebres.es\/cs\/wp-content\/uploads\/2022\/05\/AT-1152x1536.jpg 1152w, https:\/\/www.vertebres.es\/cs\/wp-content\/uploads\/2022\/05\/AT.jpg 1200w\" sizes=\"auto, (max-width: 768px) 100vw, 768px\" \/><\/figure>\n<\/div>\n<\/div>\n","protected":false},"excerpt":{"rendered":"<p>El suelo p\u00e9lvico es un conjunto de m\u00fasculos y tejidos que cierra la cavidad abdominal por su parte inferior(1),(2). Por un lado, la estructura \u00f3sea est\u00e1 formada por&#46;&#46;&#46;<\/p>\n","protected":false},"author":1,"featured_media":0,"parent":0,"menu_order":0,"comment_status":"closed","ping_status":"closed","template":"","meta":{"footnotes":""},"class_list":["post-418","page","type-page","status-publish","hentry"],"_links":{"self":[{"href":"https:\/\/www.vertebres.es\/cs\/wp-json\/wp\/v2\/pages\/418","targetHints":{"allow":["GET"]}}],"collection":[{"href":"https:\/\/www.vertebres.es\/cs\/wp-json\/wp\/v2\/pages"}],"about":[{"href":"https:\/\/www.vertebres.es\/cs\/wp-json\/wp\/v2\/types\/page"}],"author":[{"embeddable":true,"href":"https:\/\/www.vertebres.es\/cs\/wp-json\/wp\/v2\/users\/1"}],"replies":[{"embeddable":true,"href":"https:\/\/www.vertebres.es\/cs\/wp-json\/wp\/v2\/comments?post=418"}],"version-history":[{"count":4,"href":"https:\/\/www.vertebres.es\/cs\/wp-json\/wp\/v2\/pages\/418\/revisions"}],"predecessor-version":[{"id":423,"href":"https:\/\/www.vertebres.es\/cs\/wp-json\/wp\/v2\/pages\/418\/revisions\/423"}],"wp:attachment":[{"href":"https:\/\/www.vertebres.es\/cs\/wp-json\/wp\/v2\/media?parent=418"}],"curies":[{"name":"wp","href":"https:\/\/api.w.org\/{rel}","templated":true}]}}