{"id":405,"date":"2022-05-14T23:27:26","date_gmt":"2022-05-14T23:27:26","guid":{"rendered":"https:\/\/www.vertebres.es\/cs\/?page_id=405"},"modified":"2022-05-14T23:30:08","modified_gmt":"2022-05-14T23:30:08","slug":"los-vendajes-funcionales","status":"publish","type":"page","link":"https:\/\/www.vertebres.es\/cs\/los-vendajes-funcionales\/","title":{"rendered":"Los vendajes funcionales"},"content":{"rendered":"\n<p>Los vendajes neuromusculares empez\u00f3 a usarse en Asia, extendi\u00e9ndose m\u00e1s tarde a USA y Europa.<\/p>\n\n\n\n<p>La diversidad de colores se debe precisamente a su origen oriental y a la importancia de la cromoterapia en la medicina china, aunque en la medicina occidental se usan todos los colores indistintamente.<\/p>\n\n\n\n<figure class=\"wp-block-image size-large\"><img loading=\"lazy\" decoding=\"async\" width=\"1024\" height=\"797\" src=\"https:\/\/www.vertebres.es\/cs\/wp-content\/uploads\/2022\/05\/vendajes-funcionales-1024x797.jpg\" alt=\"\" class=\"wp-image-188\" srcset=\"https:\/\/www.vertebres.es\/cs\/wp-content\/uploads\/2022\/05\/vendajes-funcionales-1024x797.jpg 1024w, https:\/\/www.vertebres.es\/cs\/wp-content\/uploads\/2022\/05\/vendajes-funcionales-300x233.jpg 300w, https:\/\/www.vertebres.es\/cs\/wp-content\/uploads\/2022\/05\/vendajes-funcionales-768x597.jpg 768w, https:\/\/www.vertebres.es\/cs\/wp-content\/uploads\/2022\/05\/vendajes-funcionales-1536x1195.jpg 1536w, https:\/\/www.vertebres.es\/cs\/wp-content\/uploads\/2022\/05\/vendajes-funcionales-2048x1593.jpg 2048w\" sizes=\"auto, (max-width: 1024px) 100vw, 1024px\" \/><\/figure>\n\n\n\n<p>Su creador fue el Dr. Kenzo Kaze, quien invent\u00f3 un material que sirve de soporte a los m\u00fasculos, elimina la congesti\u00f3n vascular y linf\u00e1tica, y corrige los problemas articulares a la vez que permite la libertad de movimiento. As\u00ed pues, la cinta de Kinesio utiliza el proceso de curaci\u00f3n natural del cuerpo activando el sistema circulatorio y neurol\u00f3gico.<\/p>\n\n\n\n<p>Las vendas est\u00e1n hechas de algod\u00f3n, son el\u00e1sticas y tienen una fina capa de pegamento hipoalerg\u00e9nico, aplicado de tal forma que permite la correcta transpiraci\u00f3n de la piel.<\/p>\n\n\n\n<p>El Kinesiotape tiene m\u00faltiples efectos beneficiosos, entre los que destacaremos:<\/p>\n\n\n\n<div class=\"wp-block-columns is-layout-flex wp-container-core-columns-is-layout-9d6595d7 wp-block-columns-is-layout-flex\">\n<div class=\"wp-block-column is-layout-flow wp-block-column-is-layout-flow\" style=\"flex-basis:66.66%\">\n<ul class=\"wp-block-list\" id=\"block-5570b6b6-ce61-4f42-ac3a-795dd85f3050\"><li>Efecto analg\u00e9sico: Se debe a que su aplicaci\u00f3n mejora la circulaci\u00f3n sangu\u00ednea y linf\u00e1tica, descendiendo al mismo tiempo la presi\u00f3n subcut\u00e1nea tras la inflamaci\u00f3n. Los&nbsp;nociceptores o receptores del dolor captan este descenso, propiciando autom\u00b4ticamente una disminuci\u00f3n en la sensaci\u00f3n de dolor.<a href=\"http:\/\/www.ncbi.nlm.nih.gov\/pmc\/articles\/PMC3325641\/\">(1)<\/a><a href=\"http:\/\/www.ncbi.nlm.nih.gov\/pmc\/articles\/PMC3174125\/\">(2)<\/a><\/li><li>Mejora de la funci\u00f3n muscular: Seg\u00fan el sentido en que apliquemos las vendas&nbsp;tonificaremos o relajaremos el m\u00fasculo. Para tonificar el sentido ir\u00e1 del origen a la&nbsp;inserci\u00f3n del m\u00fasculo a tratar, mientras que para relajar ser\u00e1 al contrario.Cabe destacar que existe una gran controversia de este efecto.<a href=\"http:\/\/blog.uchceu.es\/investigacion\/un-investigador-de-la-ceu-uch-demuestra-que-la-aplicacion-de-un-conocido-vendaje-no-produce-cambios-significativos-en-la-activacion-del-gemelo-externo-durante-la-marcha\/\">(3)<\/a><\/li><li>Ayuda a la reestructuraci\u00f3n articular actuando sobre las fascias, piel y propioceptores.<\/li><li>Eliminaci\u00f3n de retenciones sangu\u00edneas y linf\u00e1ticas, ya que aumentando el espacio&nbsp;entre el tejido subcut\u00e1neo y el tejido m\u00e1s profundo conseguimos indirectamente facilitar el drenaje.<\/li><li>Estimulaci\u00f3n de mecanismos neurorreflejos (propiocepci\u00f3n): Esto se consigue al trabajar la inervaci\u00f3n nerviosa perif\u00e9rica por medio de la estimulaci\u00f3n mec\u00e1nica de los receptores aferentes y eferentes.<a href=\"http:\/\/www.ncbi.nlm.nih.gov\/pmc\/articles\/PMC3325641\/\">(1)<\/a><a href=\"http:\/\/www.ncbi.nlm.nih.gov\/pmc\/articles\/PMC3174125\/\">(2)<\/a><\/li><\/ul>\n<\/div>\n\n\n\n<div class=\"wp-block-column is-layout-flow wp-block-column-is-layout-flow\" style=\"flex-basis:33.33%\">\n<figure class=\"wp-block-image size-large\"><img loading=\"lazy\" decoding=\"async\" width=\"511\" height=\"1024\" src=\"https:\/\/www.vertebres.es\/cs\/wp-content\/uploads\/2022\/05\/KT-511x1024.jpg\" alt=\"\" class=\"wp-image-175\" srcset=\"https:\/\/www.vertebres.es\/cs\/wp-content\/uploads\/2022\/05\/KT-511x1024.jpg 511w, https:\/\/www.vertebres.es\/cs\/wp-content\/uploads\/2022\/05\/KT-150x300.jpg 150w, https:\/\/www.vertebres.es\/cs\/wp-content\/uploads\/2022\/05\/KT-768x1538.jpg 768w, https:\/\/www.vertebres.es\/cs\/wp-content\/uploads\/2022\/05\/KT-767x1536.jpg 767w, https:\/\/www.vertebres.es\/cs\/wp-content\/uploads\/2022\/05\/KT.jpg 999w\" sizes=\"auto, (max-width: 511px) 100vw, 511px\" \/><\/figure>\n<\/div>\n<\/div>\n\n\n\n<p>Es importante recalcar que para una correcta aplicaci\u00f3n del Kinesiotape es imprescindible conocer la fisiopatolog\u00eda de la lesi\u00f3n, por lo tanto es absolutamente necesario que la aplicaci\u00f3n del vendaje la realice un profesional homologado.<\/p>\n\n\n\n<p>Tambi\u00e9n es conveniente incidir en las posibles contraindicaciones: No aplicaremos el Kinesiotape en casos de trombosis, heridas, traumas graves, edemas por problemas card\u00edacos o renales (no por traumatismos), carcinomas y alergias en la piel.<\/p>\n\n\n\n<p>Otros art\u00edculos:<\/p>\n\n\n\n<p>&#8211;&nbsp;<a href=\"http:\/\/link.springer.com\/article\/10.1007%2Fs00520-009-0592-8?LI=true\">Could&nbsp;<strong>Kinesio tape&nbsp;<\/strong>replace the bandage in decongestive lymphatic therapy for breast-cancer-related lymphedema? A pilot study<\/a><\/p>\n\n\n\n<p>&#8211;&nbsp;<a href=\"http:\/\/www.elsevier.es\/sites\/default\/files\/elsevier\/pdf\/146\/146v33n01a90000161pdf001.pdf\">Efecto inmediato del&nbsp;<strong>kinesio tape&nbsp;<\/strong>sobre la respuesta refleja del vasto interno ante la utilizaci\u00f3n de dos t\u00e9cnicas diferentes de aplicaci\u00f3n: facilitaci\u00f3n e inhibici\u00f3n<\/a>.<\/p>\n\n\n\n<p>&#8211;&nbsp;<a href=\"http:\/\/www.tapingbase.net\/sites\/default\/files\/effects_of_kinesio_tape_compared_with_nonelastic_sports_tape_and_the_untaped_ankle_during_sudden_inversion_pertubation_in_male_athletes.pdf\">Effects of&nbsp;<strong>kinesio tape&nbsp;<\/strong>compared with nonelastic sports tape and the untaped ankle during a sudden inversion perturbation in male athletes<\/a><\/p>\n","protected":false},"excerpt":{"rendered":"<p>Los vendajes neuromusculares empez\u00f3 a usarse en Asia, extendi\u00e9ndose m\u00e1s tarde a USA y Europa. La diversidad de colores se debe precisamente a su origen oriental y a&#46;&#46;&#46;<\/p>\n","protected":false},"author":1,"featured_media":0,"parent":0,"menu_order":0,"comment_status":"closed","ping_status":"closed","template":"","meta":{"footnotes":""},"class_list":["post-405","page","type-page","status-publish","hentry"],"_links":{"self":[{"href":"https:\/\/www.vertebres.es\/cs\/wp-json\/wp\/v2\/pages\/405","targetHints":{"allow":["GET"]}}],"collection":[{"href":"https:\/\/www.vertebres.es\/cs\/wp-json\/wp\/v2\/pages"}],"about":[{"href":"https:\/\/www.vertebres.es\/cs\/wp-json\/wp\/v2\/types\/page"}],"author":[{"embeddable":true,"href":"https:\/\/www.vertebres.es\/cs\/wp-json\/wp\/v2\/users\/1"}],"replies":[{"embeddable":true,"href":"https:\/\/www.vertebres.es\/cs\/wp-json\/wp\/v2\/comments?post=405"}],"version-history":[{"count":2,"href":"https:\/\/www.vertebres.es\/cs\/wp-json\/wp\/v2\/pages\/405\/revisions"}],"predecessor-version":[{"id":408,"href":"https:\/\/www.vertebres.es\/cs\/wp-json\/wp\/v2\/pages\/405\/revisions\/408"}],"wp:attachment":[{"href":"https:\/\/www.vertebres.es\/cs\/wp-json\/wp\/v2\/media?parent=405"}],"curies":[{"name":"wp","href":"https:\/\/api.w.org\/{rel}","templated":true}]}}