{"id":38,"date":"2022-05-13T06:30:48","date_gmt":"2022-05-13T06:30:48","guid":{"rendered":"https:\/\/www.vertebres.es\/cs\/?page_id=38"},"modified":"2026-03-24T06:20:11","modified_gmt":"2026-03-24T06:20:11","slug":"tarifas","status":"publish","type":"page","link":"https:\/\/www.vertebres.es\/cs\/tarifas\/","title":{"rendered":"Tarifas"},"content":{"rendered":"\n<figure class=\"wp-block-table is-style-regular\"><table class=\"has-black-color has-cyan-bluish-gray-background-color has-text-color has-background has-link-color\"><tbody><tr><td class=\"has-text-align-left\" data-align=\"left\"><strong>Sesi\u00f3n de Fisioterapia<\/strong><\/td><td class=\"has-text-align-center\" data-align=\"center\"><strong>Tipo I<\/strong><\/td><td class=\"has-text-align-center\" data-align=\"center\"><strong>Tipo II<\/strong><\/td><td class=\"has-text-align-center\" data-align=\"center\"><strong>Tipo III<\/strong><\/td><td class=\"has-text-align-center\" data-align=\"center\"><strong>Tipo IV<\/strong><\/td><td class=\"has-text-align-center\" data-align=\"center\"><strong>Tipo V<\/strong><\/td><\/tr><tr><td class=\"has-text-align-left\" data-align=\"left\"><strong>Precio<\/strong><\/td><td class=\"has-text-align-center\" data-align=\"center\">46\u20ac<\/td><td class=\"has-text-align-center\" data-align=\"center\">42\u20ac<\/td><td class=\"has-text-align-center\" data-align=\"center\">36\u20ac<\/td><td class=\"has-text-align-center\" data-align=\"center\">32\u20ac<\/td><td class=\"has-text-align-center\" data-align=\"center\">28\u20ac<\/td><\/tr><\/tbody><\/table><\/figure>\n\n\n\n<p class=\"has-text-align-center\"><strong>Tipo I<\/strong>: <\/p>\n\n\n\n<ul class=\"wp-block-list\">\n<li>Sesiones de fisioterapia puntuales con objetivo de <strong>recuperaci\u00f3n<\/strong> funcional donde se incluye la valoraci\u00f3n, el diagn\u00f3stico y el tratamiento fisioterap\u00e9utico incluyendo el abordaje por medio de terapia manual.<\/li>\n<\/ul>\n\n\n\n<p class=\"has-text-align-center\"><strong>Tipo II<\/strong>: <\/p>\n\n\n\n<ul class=\"wp-block-list\">\n<li>Sesiones de fisioterapia puntuales con objetivo de <strong>recuperaci\u00f3n<\/strong> funcional donde se incluye la valoraci\u00f3n, el diagn\u00f3stico y el tratamiento fisioterap\u00e9utico incluyendo el abordaje por medio de terapia manual para los colectivos que pertenecen a la comunidad de la <em>Universitat Jaume I, Associaci\u00f3 de ve\u00efns Raval Universitari<\/em>, Alumnes de la <em>AMPA del Conservatori Professional de Dansa de Castell\u00f3 <\/em>y jugadores del <em>Club Baloncesto Castell\u00f3n<\/em>.<\/li>\n<\/ul>\n\n\n\n<p class=\"has-text-align-center\"><strong>Tipo III<\/strong>:<\/p>\n\n\n\n<ul class=\"wp-block-list\">\n<li>Sesiones de fisioterapia peri\u00f3dicas propuestas y recomendadas por V\u00e8rtebres con objetivo <strong>preventivo<\/strong> donde se incluye la valoraci\u00f3n, el diagn\u00f3stico y el tratamiento fisioterap\u00e9utico incluyendo el abordaje por medio de terapia manual.<\/li>\n\n\n\n<li>Sesiones puntuales de fisioterapia con objetivo de <strong>recuperaci\u00f3n<\/strong> funcional donde se incluye la valoraci\u00f3n, el diagn\u00f3stico y el tratamiento fisioterap\u00e9utico incluyendo el abordaje por medio de terapia manual para los pacientes que est\u00e9n realizando sesiones con objetivos preventivos, los trabajadores del Instituto de Tecnolog\u00eda de Castell\u00f3 y a los participantes de los grupos de gimnasia con fines terap\u00e9uticos que gestiona V\u00e8rtebres de l\u2019<em>Associaci\u00f3 de ve\u00efns Raval Universitari<\/em>.<\/li>\n<\/ul>\n\n\n\n<p class=\"has-text-align-center\"><strong>Tipo IV<\/strong>:<\/p>\n\n\n\n<ul class=\"wp-block-list\">\n<li>Sesiones de fisioterapia peri\u00f3dicas propuestas y recomendadas por V\u00e8rtebres con objetivo <strong>preventivo<\/strong> o de<strong> recuperaci\u00f3n <\/strong>donde se incluye la valoraci\u00f3n, el diagn\u00f3stico y el tratamiento fisioterap\u00e9utico incluyendo el abordaje por medio de terapia manual a los participantes de los grupos de gimnasia con fines terap\u00e9uticos del Instituto de Tecnolog\u00eda de Castell\u00f3 y a los de la l\u2019<em>Associaci\u00f3 de ve\u00efns Raval Universitari<\/em> que realizan sesiones preventivas durante todo el a\u00f1o.<\/li>\n\n\n\n<li>Sesiones de fisioterapia puntuales con objetivo de <strong>recuperaci\u00f3n<\/strong> funcional donde se incluye la valoraci\u00f3n, el diagn\u00f3stico y el tratamiento fisioterap\u00e9utico que <strong>NO<\/strong> incluyen el abordaje por medio de terapia manual.<\/li>\n<\/ul>\n\n\n\n<p class=\"has-text-align-center\"><strong>Tipo V<\/strong>:<\/p>\n\n\n\n<ul class=\"wp-block-list\">\n<li>Sesiones de fisioterapia puntuales con objetivo de <strong>recuperaci\u00f3n<\/strong> funcional donde se incluye la valoraci\u00f3n, el diagn\u00f3stico y el tratamiento fisioterap\u00e9utico que <strong>NO<\/strong> incluyen el abordaje por medio de terapia manual para los colectivos que pertenecen a la comunidad de la <em>Universitat Jaume I<\/em>, <em>Associaci\u00f3 de ve\u00efns Raval Universitar<\/em>i, Alumnes de la <em>AMPA del Conservatori Professional de Dansa de Castell\u00f3<\/em> y <em>jugadores del Club Baloncesto Castell\u00f3n<\/em>.<\/li>\n<\/ul>\n\n\n\n<figure class=\"wp-block-table is-style-regular\"><table class=\"has-black-color has-cyan-bluish-gray-background-color has-text-color has-background has-link-color\"><tbody><tr><td class=\"has-text-align-left\" data-align=\"left\"><strong>Otros Servicios<\/strong><\/td><td class=\"has-text-align-center\" data-align=\"center\"><strong>Precio<\/strong><\/td><\/tr><tr><td class=\"has-text-align-left\" data-align=\"left\"><strong>Ejercicio Terap\u00e9utico<\/strong><\/td><td class=\"has-text-align-center\" data-align=\"center\">18\u20ac<\/td><\/tr><tr><td class=\"has-text-align-left\" data-align=\"left\"><strong>Informe Funcional<\/strong><\/td><td class=\"has-text-align-center\" data-align=\"center\">46\u20ac<\/td><\/tr><tr><td class=\"has-text-align-left\" data-align=\"left\"><strong>Otros<\/strong><\/td><td class=\"has-text-align-center\" data-align=\"center\">Consultar<\/td><\/tr><\/tbody><\/table><\/figure>\n","protected":false},"excerpt":{"rendered":"<p>Sesi\u00f3n de Fisioterapia Tipo I Tipo II Tipo III Tipo IV Tipo V Precio 46\u20ac 42\u20ac 36\u20ac 32\u20ac 28\u20ac Tipo I: Tipo II: Tipo III: Tipo IV: Tipo&#46;&#46;&#46;<\/p>\n","protected":false},"author":1,"featured_media":0,"parent":0,"menu_order":0,"comment_status":"closed","ping_status":"closed","template":"","meta":{"footnotes":""},"class_list":["post-38","page","type-page","status-publish","hentry"],"_links":{"self":[{"href":"https:\/\/www.vertebres.es\/cs\/wp-json\/wp\/v2\/pages\/38","targetHints":{"allow":["GET"]}}],"collection":[{"href":"https:\/\/www.vertebres.es\/cs\/wp-json\/wp\/v2\/pages"}],"about":[{"href":"https:\/\/www.vertebres.es\/cs\/wp-json\/wp\/v2\/types\/page"}],"author":[{"embeddable":true,"href":"https:\/\/www.vertebres.es\/cs\/wp-json\/wp\/v2\/users\/1"}],"replies":[{"embeddable":true,"href":"https:\/\/www.vertebres.es\/cs\/wp-json\/wp\/v2\/comments?post=38"}],"version-history":[{"count":11,"href":"https:\/\/www.vertebres.es\/cs\/wp-json\/wp\/v2\/pages\/38\/revisions"}],"predecessor-version":[{"id":735,"href":"https:\/\/www.vertebres.es\/cs\/wp-json\/wp\/v2\/pages\/38\/revisions\/735"}],"wp:attachment":[{"href":"https:\/\/www.vertebres.es\/cs\/wp-json\/wp\/v2\/media?parent=38"}],"curies":[{"name":"wp","href":"https:\/\/api.w.org\/{rel}","templated":true}]}}