{"id":35,"date":"2022-05-13T06:29:23","date_gmt":"2022-05-13T06:29:23","guid":{"rendered":"https:\/\/www.vertebres.es\/cs\/?page_id=35"},"modified":"2025-04-20T08:03:18","modified_gmt":"2025-04-20T08:03:18","slug":"suelo-pelvico","status":"publish","type":"page","link":"https:\/\/www.vertebres.es\/cs\/suelo-pelvico\/","title":{"rendered":"Suelo P\u00e9lvico"},"content":{"rendered":"\n<p>El suelo p\u00e9lvico es un conjunto de m\u00fasculos y tejidos que cierra la cavidad abdominal por su parte inferior.<\/p>\n\n\n\n<p>Por un lado, la estructura \u00f3sea est\u00e1 formada por el sacro, el coxis y los iliacos, unidos entre s\u00ed por ligamentos muy fuertes y formando articulaciones poco m\u00f3viles, que en momentos como el embarazo y el parto alcanzan su m\u00e1xima amplitud de movimiento.<\/p>\n\n\n\n<p>Por otro lado, la estructura blanda, conocida como suelo p\u00e9lvico, es la encargada de mantener el recto, la vejiga y el \u00fatero en su posici\u00f3n. Esta musculatura esta inervada por el nervio pudendo.&nbsp;(1),(2)<\/p>\n\n\n<div class=\"wp-block-image\">\n<figure class=\"aligncenter size-full\"><img loading=\"lazy\" decoding=\"async\" width=\"500\" height=\"500\" src=\"https:\/\/www.vertebres.es\/cs\/wp-content\/uploads\/2025\/04\/Pelvis.png\" alt=\"\" class=\"wp-image-674\" srcset=\"https:\/\/www.vertebres.es\/cs\/wp-content\/uploads\/2025\/04\/Pelvis.png 500w, https:\/\/www.vertebres.es\/cs\/wp-content\/uploads\/2025\/04\/Pelvis-300x300.png 300w, https:\/\/www.vertebres.es\/cs\/wp-content\/uploads\/2025\/04\/Pelvis-150x150.png 150w, https:\/\/www.vertebres.es\/cs\/wp-content\/uploads\/2025\/04\/Pelvis-80x80.png 80w, https:\/\/www.vertebres.es\/cs\/wp-content\/uploads\/2025\/04\/Pelvis-320x320.png 320w\" sizes=\"auto, (max-width: 500px) 100vw, 500px\" \/><\/figure>\n<\/div>\n\n\n<p>Son muchas las patolog\u00edas que pueden afectar a esta \u00e1rea y se pueden clasificar en tren ejes urol\u00f3gico, que engloba a las patolog\u00edas tanto de incontinencia como de retenci\u00f3n de orina; el eje ginecol\u00f3gico, donde incluir\u00edamos los problemas de est\u00e1tica p\u00e9lvica como los prolapso, los problemas sexuales as\u00ed como la preparaci\u00f3n f\u00edsica al parto y la recuperaci\u00f3n postparto; y por ultim\u00f3 el eje coloproptol\u00f3gico, donde incluir\u00edamos las incontinencias fecales y el estre\u00f1imiento.<\/p>\n\n\n\n<p>La poblaci\u00f3n que m\u00e1s riesgo tiene son las mujeres tanto despu\u00e9s de dar a luz como en otros momentos de la vida como la menopausia. Pero las afecciones no solamente las sufren las mujeres, los hombres despu\u00e9s de las prostactectomias, tambi\u00e9n pueden presentar disfunciones.<\/p>\n\n\n<div class=\"wp-block-image\">\n<figure class=\"aligncenter size-full\"><img loading=\"lazy\" decoding=\"async\" width=\"640\" height=\"480\" src=\"https:\/\/www.vertebres.es\/cs\/wp-content\/uploads\/2025\/04\/IMG_3178.jpg\" alt=\"\" class=\"wp-image-661\" srcset=\"https:\/\/www.vertebres.es\/cs\/wp-content\/uploads\/2025\/04\/IMG_3178.jpg 640w, https:\/\/www.vertebres.es\/cs\/wp-content\/uploads\/2025\/04\/IMG_3178-300x225.jpg 300w\" sizes=\"auto, (max-width: 640px) 100vw, 640px\" \/><figcaption class=\"wp-element-caption\">Taller del Suelo P\u00e9lvico impartido en las instalaciones del Instituto Tecnol\u00f3gico de la Cer\u00e1mica<\/figcaption><\/figure>\n<\/div>\n\n\n<p>Los objetivos de la fisioterapia son:<\/p>\n\n\n\n<p>&#8211; Asegurar la continencia urinaria, as\u00ed como una frecuencia miccional correcta.<\/p>\n\n\n\n<p>&#8211; Equilibrar la est\u00e1tica p\u00e9lvica, para evitar sensaciones de pesadez y evitar prolapsos.<\/p>\n\n\n\n<p>&#8211; Trabajar por una sexualidad no dolorosa y satisfactoria.<\/p>\n\n\n\n<p>&#8211; En obstetricia, tanto preparar el cuerpo para las diferentes adaptaciones durante la gestaci\u00f3n y el momento del parto, como para la recuperaci\u00f3n postparto, incluyendo la diastasis abdominal.<\/p>\n\n\n\n<p>&#8211; Tener una correcta mec\u00e1nica evacuatoria, evitando escapes y estre\u00f1imiento.<\/p>\n\n\n\n<p>Nuestra fisioterapeuta Valeria Alonso, con el M\u00e1ster de Fisioterapia Especializada en Suelo P\u00e9lvico de la Universidad de Valencia, ser\u00e1 la encargada de esta especialidad.<\/p>\n\n\n\n<p>(1)&nbsp;<a href=\"http:\/\/onlinelibrary.wiley.com\/doi\/10.1111\/j.1471-0528.2000.tb10407.x\/abstract;jsessionid=A666183100332CF0FFB9318A09975F76.f03t04\">Siv Morkve, 2000<\/a><\/p>\n\n\n\n<p>(2)&nbsp;<a href=\"http:\/\/m.casadellibro.com\/libro-rehabilitacion-del-suelo-pelvico-femenino\/9788498354645\/2218252\">Ramirez I., 2013<\/a><\/p>\n","protected":false},"excerpt":{"rendered":"<p>El suelo p\u00e9lvico es un conjunto de m\u00fasculos y tejidos que cierra la cavidad abdominal por su parte inferior. Por un lado, la estructura \u00f3sea est\u00e1 formada por&#46;&#46;&#46;<\/p>\n","protected":false},"author":1,"featured_media":0,"parent":0,"menu_order":0,"comment_status":"closed","ping_status":"closed","template":"","meta":{"footnotes":""},"class_list":["post-35","page","type-page","status-publish","hentry"],"_links":{"self":[{"href":"https:\/\/www.vertebres.es\/cs\/wp-json\/wp\/v2\/pages\/35","targetHints":{"allow":["GET"]}}],"collection":[{"href":"https:\/\/www.vertebres.es\/cs\/wp-json\/wp\/v2\/pages"}],"about":[{"href":"https:\/\/www.vertebres.es\/cs\/wp-json\/wp\/v2\/types\/page"}],"author":[{"embeddable":true,"href":"https:\/\/www.vertebres.es\/cs\/wp-json\/wp\/v2\/users\/1"}],"replies":[{"embeddable":true,"href":"https:\/\/www.vertebres.es\/cs\/wp-json\/wp\/v2\/comments?post=35"}],"version-history":[{"count":4,"href":"https:\/\/www.vertebres.es\/cs\/wp-json\/wp\/v2\/pages\/35\/revisions"}],"predecessor-version":[{"id":675,"href":"https:\/\/www.vertebres.es\/cs\/wp-json\/wp\/v2\/pages\/35\/revisions\/675"}],"wp:attachment":[{"href":"https:\/\/www.vertebres.es\/cs\/wp-json\/wp\/v2\/media?parent=35"}],"curies":[{"name":"wp","href":"https:\/\/api.w.org\/{rel}","templated":true}]}}